{"id":34,"date":"2024-11-20T12:32:46","date_gmt":"2024-11-20T11:32:46","guid":{"rendered":"http:\/\/plasilova.dnservis.cz\/index.php\/uvodni-stranka\/"},"modified":"2026-04-27T10:16:02","modified_gmt":"2026-04-27T08:16:02","slug":"uvodni-stranka","status":"publish","type":"page","link":"https:\/\/www.exekutor-plasilova.cz\/","title":{"rendered":"\u00davodn\u00ed str\u00e1nka"},"content":{"rendered":"\n<details class=\"wp-block-details\"><summary><mark style=\"background-color:rgba(0, 0, 0, 0)\" class=\"has-inline-color has-neve-link-color-color is-layout-flow wp-block-details-is-layout-flow\"><strong><strong><u>2.3.2021 &#8211; Do uvoln\u011bn\u00e9ho Exekutorsk\u00e9ho \u00fa\u0159adu Praha 7, JUDr. Vladim\u00edra Pl\u00e1\u0161ila, LL.M. byl jmenov\u00e1n nov\u00fd soudn\u00ed exekutor Mgr. Bc. Hana Pl\u00e1\u0161ilov\u00e1 Kaufmanov\u00e1.<\/u><\/strong><\/strong><\/mark><\/summary>\n<div class=\"wp-block-file\"><a id=\"wp-block-file--media-b35ebaf7-e725-4da0-8f2d-ac93d429980b\" href=\"http:\/\/www.exekutor-plasilova.cz\/wp-content\/uploads\/2026\/04\/osvedceni.pdf\" target=\"_blank\" rel=\"noreferrer noopener\">osvedceni<\/a><\/div>\n<\/details>\n\n\n\n<p><br><strong>IDDS : cswtkc2<br>Eviden\u010dn\u00ed \u010d\u00edslo exekutora: 228<\/strong><\/p>\n\n\n\n<p><\/p>\n\n\n\n<p class=\"has-medium-font-size\"><strong>Z technick\u00fdch d\u016fvod\u016f bude <strong>ode dne 29.4.2026 od 13:00 hodin do 19.5.2026<\/strong><\/strong> <strong>Exekutorsk\u00fd \u00fa\u0159ad pro ve\u0159ejnost uzav\u0159en. <\/strong><\/p>\n\n\n\n<p><\/p>\n\n\n\n<p class=\"has-medium-font-size\"><\/p>\n\n\n\n<p class=\"has-medium-font-size\"><\/p>\n\n\n\n<p><\/p>\n","protected":false},"excerpt":{"rendered":"<p>IDDS : cswtkc2Eviden\u010dn\u00ed \u010d\u00edslo exekutora: 228 Z technick\u00fdch d\u016fvod\u016f bude ode dne 29.4.2026 od 13:00 hodin do 19.5.2026 Exekutorsk\u00fd \u00fa\u0159ad pro ve\u0159ejnost uzav\u0159en.<\/p>\n","protected":false},"author":1,"featured_media":0,"parent":0,"menu_order":0,"comment_status":"closed","ping_status":"closed","template":"","meta":{"neve_meta_sidebar":"","neve_meta_container":"","neve_meta_enable_content_width":"","neve_meta_content_width":0,"neve_meta_title_alignment":"","neve_meta_author_avatar":"","neve_post_elements_order":"","neve_meta_disable_header":"","neve_meta_disable_footer":"","neve_meta_disable_title":"","footnotes":""},"class_list":["post-34","page","type-page","status-publish","hentry"],"_links":{"self":[{"href":"https:\/\/www.exekutor-plasilova.cz\/index.php\/wp-json\/wp\/v2\/pages\/34","targetHints":{"allow":["GET"]}}],"collection":[{"href":"https:\/\/www.exekutor-plasilova.cz\/index.php\/wp-json\/wp\/v2\/pages"}],"about":[{"href":"https:\/\/www.exekutor-plasilova.cz\/index.php\/wp-json\/wp\/v2\/types\/page"}],"author":[{"embeddable":true,"href":"https:\/\/www.exekutor-plasilova.cz\/index.php\/wp-json\/wp\/v2\/users\/1"}],"replies":[{"embeddable":true,"href":"https:\/\/www.exekutor-plasilova.cz\/index.php\/wp-json\/wp\/v2\/comments?post=34"}],"version-history":[{"count":30,"href":"https:\/\/www.exekutor-plasilova.cz\/index.php\/wp-json\/wp\/v2\/pages\/34\/revisions"}],"predecessor-version":[{"id":175,"href":"https:\/\/www.exekutor-plasilova.cz\/index.php\/wp-json\/wp\/v2\/pages\/34\/revisions\/175"}],"wp:attachment":[{"href":"https:\/\/www.exekutor-plasilova.cz\/index.php\/wp-json\/wp\/v2\/media?parent=34"}],"curies":[{"name":"wp","href":"https:\/\/api.w.org\/{rel}","templated":true}]}}