{"id":2,"date":"2024-11-19T14:36:49","date_gmt":"2024-11-19T13:36:49","guid":{"rendered":"http:\/\/plasilova.dnservis.cz\/?page_id=2"},"modified":"2024-11-22T11:53:04","modified_gmt":"2024-11-22T10:53:04","slug":"zkusebni-stranka","status":"publish","type":"page","link":"https:\/\/www.exekutor-plasilova.cz\/index.php\/zkusebni-stranka\/","title":{"rendered":"Exekutorsk\u00fd \u00fa\u0159ad"},"content":{"rendered":"\n<p><strong>Informace o \u010dinnosti<\/strong><br>Exekutorsk\u00fd \u00fa\u0159ad Praha 7 je \u0159\u00edzen soudn\u00edm exekutorem Mgr. Bc. Hanou Pl\u00e1\u0161ilovou Kaufmanovou.<br><br>Exekutorsk\u00fd \u00fa\u0159ad Praha 7 disponuje pro efektivn\u00ed prov\u00e1d\u011bn\u00ed exekuc\u00ed odpov\u00eddaj\u00edc\u00edm person\u00e1ln\u00edm a technick\u00fdm z\u00e1zem\u00edm, aby mohl odpov\u011bdn\u011b zajistit jak komplexn\u00ed p\u0159\u00edpravu exekuce v\u010detn\u011b detailn\u00edho zji\u0161t\u011bn\u00ed majetkov\u00fdch pom\u011br\u016f povinn\u00e9ho, tak i jej\u00ed n\u00e1sledn\u00e9 efektivn\u00ed proveden\u00ed.<\/p>\n\n\n\n<p><strong>Funkce<\/strong><br>Mgr. Bc. Hana Pl\u00e1\u0161ilov\u00e1 Kaufmanov\u00e1, soudn\u00ed exekutor<\/p>\n\n\n\n<p><strong>P\u0159edpoklady pro v\u00fdkon funkce<\/strong><br>Soudn\u00ed exekutor mus\u00ed b\u00fdt absolventem magistersk\u00e9ho studia pr\u00e1vnick\u00e9 fakulty . Pro v\u00fdkon tohoto svobodn\u00e9ho povol\u00e1n\u00ed jsou d\u00e1le p\u0159edpokladem minim\u00e1ln\u011b t\u0159\u00edlet\u00e1 odborn\u00e1 exekutorsk\u00e1 praxe a \u00fasp\u011b\u0161n\u00e9 vykon\u00e1n\u00ed odborn\u00e9 exekutorsk\u00e9 zkou\u0161ky.<\/p>\n\n\n\n<p><strong>Hlavn\u00ed pracovn\u00ed n\u00e1pl\u0148<\/strong><br>dne 1. z\u00e1\u0159\u00ed 2001 nabyl pln\u00e9 \u00fa\u010dinnosti z\u00e1kon o soudn\u00edch exekutorech a exeku\u010dn\u00ed \u010dinnosti \u010d. 120\/2001 Sb.(exeku\u010dn\u00ed \u0159\u00e1d) . Podle tohoto z\u00e1kona jsem jako nez\u00e1visl\u00fd, ministrem spravedlnosti \u010cesk\u00e9 republiky jmenovan\u00fd soudn\u00ed exekutor, opr\u00e1vn\u011bna prov\u00e1d\u011bt nucen\u00fd v\u00fdkon exeku\u010dn\u00edch titul\u016f (\u201eexeku\u010dn\u00ed \u010dinnost\u201d) a dal\u0161\u00ed \u010dinnost , specifikovanou v ustanoven\u00edch exeku\u010dn\u00edho \u0159\u00e1du. Dal\u0161\u00ed \u010dinnost\u00ed exekutora se rozum\u00ed poskytov\u00e1n\u00ed pr\u00e1vn\u00ed pomoci, sepisov\u00e1n\u00ed exekutorsk\u00fdch z\u00e1pis\u016f, p\u0159ij\u00edm\u00e1n\u00ed pen\u011bz a v\u011bc\u00ed do \u00faschovy, prov\u00e1d\u011bn\u00ed jin\u00e9 \u010dinnosti na z\u00e1klad\u011b pov\u011b\u0159en\u00ed soudu, zejm\u00e9na doru\u010dov\u00e1n\u00ed p\u00edsemnost\u00ed soudu a \u010dinnosti soudn\u00edho vykonavatele, a prov\u00e1d\u011bn\u00ed dra\u017eeb movit\u00fdch nebo nemovit\u00fdch v\u011bc\u00ed na n\u00e1vrh vlastn\u00edka \u010di osoby opr\u00e1vn\u011bn\u00e9 disponovat s v\u011bc\u00ed (&#8222;dobrovoln\u00e1 dra\u017eba&#8220;).<br><br>Exeku\u010dn\u00ed a dal\u0161\u00ed \u010dinnost podle citovan\u00e9ho z\u00e1kona je vykon\u00e1v\u00e1na soudn\u00edm exekutorem<strong> za \u00faplatu<\/strong>, nez\u00e1visle, v souladu s \u00dastavou \u010cesk\u00e9 republiky, z\u00e1kony, jin\u00fdmi pr\u00e1vn\u00edmi p\u0159edpisy a rozhodnut\u00edmi soudu vydan\u00fdmi v \u0159\u00edzen\u00ed o v\u00fdkonu rozhodnut\u00ed a exeku\u010dn\u00edm \u0159\u00edzen\u00ed. P\u016fsobnost soudn\u00edho exekutora nen\u00ed omezena jeho s\u00eddlem v obvodu soudu, pro kter\u00fd byl jmenov\u00e1n. <strong>Je tedy opr\u00e1vn\u011bn v souladu s pokyny klienta a pov\u011b\u0159en\u00edm p\u0159\u00edslu\u0161n\u00e9ho soudu vykon\u00e1vat exeku\u010dn\u00ed a dal\u0161\u00ed \u010dinnost v r\u00e1mci cel\u00e9ho \u00fazem\u00ed \u010cesk\u00e9 republiky<\/strong>.<br><br><br><strong>Odm\u011bna soudn\u00edho exekutora<\/strong><br>Soudn\u00ed exekutor a exekutorsk\u00fd \u00fa\u0159ad poskytuje ve smyslu ustanoven\u00ed z\u00e1kona \u010d. 120\/2001 Sb. (exeku\u010dn\u00edho \u0159\u00e1du) placen\u00e9 slu\u017eby pr\u00e1vnick\u00fdm i fyzick\u00fdm osob\u00e1m. Odm\u011bna exekutora je stanovena z\u00e1konem a prov\u00e1d\u011bc\u00ed vyhl\u00e1\u0161kou bu\u010f jako smluvn\u00ed nebo jako tarifn\u00ed. K t\u00e9to odm\u011bn\u011b je nutn\u00e9 p\u0159ipo\u010d\u00edtat hotov\u00e9 v\u00fddaje exekutora, n\u00e1hradu za ztr\u00e1tu \u010dasu. Ve\u0161ker\u00e9 <strong>n\u00e1klady exekuce<\/strong> (v\u010detn\u011b \u00fa\u010deln\u011b vynalo\u017een\u00fdch n\u00e1klad\u016f opr\u00e1vn\u011bn\u00e9ho) <strong>hrad\u00ed povinn\u00fd<\/strong> (od opr\u00e1vn\u011bn\u00e9ho m\u016f\u017ee exekutor po\u017eadovat pouze p\u0159im\u011b\u0159enou z\u00e1lohu na n\u00e1klady exekuce).<\/p>\n\n\n\n<p><strong>a)<\/strong> Z\u00e1kladem pro ur\u010den\u00ed odm\u011bny za proveden\u00ed exekuce ukl\u00e1daj\u00edc\u00ed zaplacen\u00ed pen\u011b\u017eit\u00e9 \u010d\u00e1stky je v\u00fd\u0161e exekutorem vymo\u017een\u00e9ho pln\u011bn\u00ed a \u010din\u00ed:<br>&nbsp;&nbsp;&nbsp;&nbsp;&nbsp;&nbsp;&nbsp;&nbsp;&nbsp;&nbsp; &#8211; 15% do 3 mil. K\u010d z\u00e1kladu, nejm\u00e9n\u011b v\u0161ak 2.000,- K\u010d (u \u0159\u00edzen\u00ed zah\u00e1jen\u00fdch od 1.4.2017),<br>&nbsp;&nbsp;&nbsp;&nbsp;&nbsp;&nbsp;&nbsp;&nbsp;&nbsp;&nbsp; &#8211; 10% z p\u0159eb\u00fdvaj\u00edc\u00ed \u010d\u00e1stky do 40 mil. K\u010d z\u00e1kladu,<br>&nbsp;&nbsp;&nbsp;&nbsp;&nbsp;&nbsp;&nbsp;&nbsp;&nbsp;&nbsp; &#8211; 5% z p\u0159eb\u00fdvaj\u00edc\u00ed \u010d\u00e1stky do 50 mil. K\u010d z\u00e1kladu,<br>&nbsp;&nbsp;&nbsp;&nbsp;&nbsp;&nbsp;&nbsp;&nbsp;&nbsp;&nbsp; &#8211; 1% z p\u0159eb\u00fdvaj\u00edc\u00ed \u010d\u00e1stky do 250 mil. K\u010d z\u00e1kladu.<\/p>\n\n\n\n<p>Vymo\u017een\u00ed \u010d\u00e1stky p\u0159evy\u0161uj\u00edc\u00ed 250,000.000,- K\u010d se pro v\u00fdpo\u010det odm\u011bny exekutora do z\u00e1kladu nezapo\u010d\u00edt\u00e1v\u00e1.<\/p>\n\n\n\n<p>Za ka\u017edou vyklizenou nemovitost, stavbu, byt nebo m\u00edstnost, jejich\u017e vyklizen\u00ed ukl\u00e1d\u00e1 exeku\u010dn\u00ed titul, \u010din\u00ed odm\u011bna exekutora 10.000,- K\u010d<br><br>Spln\u00ed-li povinn\u00fd ve lh\u016ft\u011b 30 dn\u016f ode den doru\u010den\u00ed v\u00fdzvy ke spln\u011bn\u00ed vym\u00e1han\u00e9 povinnosti vym\u00e1han\u00fd n\u00e1rok a uhrad\u00ed z\u00e1lohu na sn\u00ed\u017een\u00e9 n\u00e1klady exekuce a n\u00e1klady opr\u00e1vn\u011bn\u00e9ho n\u00e1le\u017e\u00ed exekutorovi odm\u011bna ve v\u00fd\u0161i 50% z v\u00fd\u0161e pen\u011b\u017eit\u00e9 pohled\u00e1vky, kter\u00e1 m\u011bla b\u00fdt vymo\u017eena, a odm\u011bna ve v\u00fd\u0161i 30% z odm\u011bny p\u0159ipadaj\u00edc\u00ed za ostatn\u00ed druhy prov\u00e1d\u011bn\u00fdch exekuc\u00ed. Zanikne-li opr\u00e1vn\u011bn\u00ed exekutora k veden\u00ed exekuce rozhodnut\u00edm soudu o vylou\u010den\u00ed exekutora nebo o zastaven\u00ed exekuce anebo zm\u011bnou exekutora podle \u00a7 51 p\u00edsm. a), b) a d) z\u00e1kona, \u010din\u00ed odm\u011bna exekutora, jeho\u017e opr\u00e1vn\u011bn\u00ed zaniklo, 3.000,- K\u010d, respektive 2.000,- K\u010d u \u0159\u00edzen\u00ed zah\u00e1jen\u00fdch od 1.4.2017.<br>V\u00fd\u0161i z\u00e1lohy na n\u00e1klady exekuce a lh\u016ftu k jej\u00ed \u00fahrad\u011b ur\u010duje exekutor. Z\u00e1loha \u010din\u00ed maxim\u00e1ln\u011b 50% odm\u011bny za prov\u00e1d\u011bnou exekuci na zaplacen\u00ed pen\u011b\u017eit\u00e9 \u010d\u00e1stky a 50% odm\u011bny pro ostatn\u00ed druhy exekuc\u00ed, minim\u00e1ln\u011b v\u0161ak 1.000,- &nbsp;K\u010d.<\/p>\n\n\n\n<p><strong>b)<\/strong> Exekutorovi n\u00e1le\u017e\u00ed v souvislosti s exeku\u010dn\u00ed a dal\u0161\u00ed \u010dinnost\u00ed n\u00e1hrada hotov\u00fdch v\u00fddaj\u016f \u00fa\u010deln\u011b vynalo\u017een\u00fdch. Tato n\u00e1hrada zahrnuje soudn\u00ed a jin\u00e9 poplatky, cestovn\u00ed v\u00fddaje, po\u0161tovn\u00e9, m\u00edstn\u00ed p\u0159epravn\u00e9, \u00fahrady osob\u00e1m prov\u00e1d\u011bj\u00edc\u00ed p\u0159epravu z\u00e1silek, telekomunika\u010dn\u00ed poplatky, znaleck\u00e9 posudky, odborn\u00e1 vyj\u00e1d\u0159en\u00ed, p\u0159eklady, opisy, fotokopie a n\u00e1hrady na vlo\u017een\u00ed a z\u00edsk\u00e1n\u00ed dat z centr\u00e1ln\u00edch informa\u010dn\u00edch syst\u00e9m\u016f. N\u00e1hrada za prome\u0161kan\u00fd \u010das \u010din\u00ed 50,- K\u010d za ka\u017edou zapo\u010datou \u010dtvrthodinu.<\/p>\n\n\n\n<p><strong>c)<\/strong> Odm\u011bna za seps\u00e1n\u00ed exekutorsk\u00e9ho z\u00e1pisu je z\u00e1visl\u00e1 na v\u00fd\u0161i pln\u011bn\u00ed \u010di pohled\u00e1vky, o n\u00ed\u017e se z\u00e1pis vede, a \u010din\u00ed:<br>&nbsp;&nbsp;&nbsp;&nbsp;&nbsp;&nbsp;&nbsp;&nbsp;&nbsp;&nbsp; 2% z prvn\u00edch 100 tis\u00edc K\u010d, nejm\u00e9n\u011b 1.000,- K\u010d,<br>&nbsp;&nbsp;&nbsp;&nbsp;&nbsp;&nbsp;&nbsp;&nbsp;&nbsp;&nbsp; 1,2% z p\u0159eb\u00fdvaj\u00edc\u00ed \u010d\u00e1stky do 500 tis\u00edc K\u010d,<br>&nbsp;&nbsp;&nbsp;&nbsp;&nbsp;&nbsp;&nbsp;&nbsp;&nbsp;&nbsp; 0,6% z p\u0159eb\u00fdvaj\u00edc\u00ed \u010d\u00e1stky do 1 mil. K\u010d,<br>&nbsp;&nbsp;&nbsp;&nbsp;&nbsp;&nbsp;&nbsp;&nbsp;&nbsp;&nbsp; 0,3% z p\u0159eb\u00fdvaj\u00edc\u00ed \u010d\u00e1stky do 3 mil. K\u010d,<br>&nbsp;&nbsp;&nbsp;&nbsp;&nbsp;&nbsp;&nbsp;&nbsp;&nbsp;&nbsp; 0,2% z p\u0159eb\u00fdvaj\u00edc\u00ed \u010d\u00e1stky do 20 mil. K\u010d,<br>&nbsp;&nbsp;&nbsp;&nbsp;&nbsp;&nbsp;&nbsp;&nbsp;&nbsp;&nbsp; 0,1% z p\u0159eb\u00fdvaj\u00edc\u00ed \u010d\u00e1stky do 30 mil. K\u010d,<br>&nbsp;&nbsp;&nbsp;&nbsp;&nbsp;&nbsp;&nbsp;&nbsp;&nbsp;&nbsp; 0,05% z p\u0159eb\u00fdvaj\u00edc\u00ed \u010d\u00e1stky do 100 mil. K\u010d.<\/p>\n\n\n\n<p>\u010c\u00e1stka nad 100 mil. K\u010d se pro v\u00fdpo\u010det odm\u011bny do z\u00e1kladu nezapo\u010d\u00edt\u00e1v\u00e1.<\/p>\n\n\n\n<p><strong>d)<\/strong> Odm\u011bna za p\u0159ijet\u00ed v\u011bci (pen\u00edze, listiny, jin\u00e9 movit\u00e9 v\u011bci) do \u00faschovy je z\u00e1visl\u00e1 na jej\u00ed hodnot\u011b a \u010din\u00ed:<br>&nbsp;&nbsp;&nbsp;&nbsp;&nbsp;&nbsp;&nbsp;&nbsp;&nbsp;&nbsp; 1,2% z prvn\u00edch 100 tis\u00edc K\u010d, nejm\u00e9n\u011b 1.000,- K\u010d,<br>&nbsp;&nbsp;&nbsp;&nbsp;&nbsp;&nbsp;&nbsp;&nbsp;&nbsp;&nbsp; 0,6% z p\u0159eb\u00fdvaj\u00edc\u00ed \u010d\u00e1stky do 500 tis\u00edc K\u010d,<br>&nbsp;&nbsp;&nbsp;&nbsp;&nbsp;&nbsp;&nbsp;&nbsp;&nbsp;&nbsp; 0,4% z p\u0159eb\u00fdvaj\u00edc\u00ed \u010d\u00e1stky do 1 mil. K\u010d,<br>&nbsp;&nbsp;&nbsp;&nbsp;&nbsp;&nbsp;&nbsp;&nbsp;&nbsp;&nbsp; 0,2% z p\u0159eb\u00fdvaj\u00edc\u00ed \u010d\u00e1stky do 10 mil. K\u010d,<br>&nbsp;&nbsp;&nbsp;&nbsp;&nbsp;&nbsp;&nbsp;&nbsp;&nbsp;&nbsp; 0,1% z p\u0159eb\u00fdvaj\u00edc\u00ed \u010d\u00e1stky do 30 mil. K\u010d.<\/p>\n\n\n\n<p>\u010c\u00e1stka nad 30 mil. K\u010d se do z\u00e1kladu pro v\u00fdpo\u010det odm\u011bny nezapo\u010d\u00edt\u00e1v\u00e1.<\/p>\n\n\n\n<p><a href=\"http:\/\/plasilova.dnservis.cz\/index.php\/gdpr\/\" data-type=\"page\" data-id=\"18\">Obecn\u00e1 informace o zpracov\u00e1n\u00ed osobn\u00edch \u00fadaj\u016f<\/a><\/p>\n","protected":false},"excerpt":{"rendered":"<p>Informace o \u010dinnostiExekutorsk\u00fd \u00fa\u0159ad Praha 7 je \u0159\u00edzen soudn\u00edm exekutorem Mgr. Bc. Hanou Pl\u00e1\u0161ilovou Kaufmanovou. Exekutorsk\u00fd \u00fa\u0159ad Praha 7 disponuje pro efektivn\u00ed prov\u00e1d\u011bn\u00ed exekuc\u00ed odpov\u00eddaj\u00edc\u00edm person\u00e1ln\u00edm a technick\u00fdm z\u00e1zem\u00edm, aby mohl odpov\u011bdn\u011b zajistit jak komplexn\u00ed p\u0159\u00edpravu exekuce v\u010detn\u011b detailn\u00edho zji\u0161t\u011bn\u00ed majetkov\u00fdch pom\u011br\u016f povinn\u00e9ho, tak i jej\u00ed n\u00e1sledn\u00e9 efektivn\u00ed proveden\u00ed. FunkceMgr. Bc. Hana Pl\u00e1\u0161ilov\u00e1 Kaufmanov\u00e1, soudn\u00ed&hellip;&nbsp;<a href=\"https:\/\/www.exekutor-plasilova.cz\/index.php\/zkusebni-stranka\/\" rel=\"bookmark\">\u010c\u00edst d\u00e1le &raquo;<span class=\"screen-reader-text\">Exekutorsk\u00fd \u00fa\u0159ad<\/span><\/a><\/p>\n","protected":false},"author":1,"featured_media":0,"parent":0,"menu_order":0,"comment_status":"closed","ping_status":"open","template":"","meta":{"neve_meta_sidebar":"","neve_meta_container":"","neve_meta_enable_content_width":"","neve_meta_content_width":0,"neve_meta_title_alignment":"","neve_meta_author_avatar":"","neve_post_elements_order":"","neve_meta_disable_header":"","neve_meta_disable_footer":"","neve_meta_disable_title":"","footnotes":""},"class_list":["post-2","page","type-page","status-publish","hentry"],"_links":{"self":[{"href":"https:\/\/www.exekutor-plasilova.cz\/index.php\/wp-json\/wp\/v2\/pages\/2","targetHints":{"allow":["GET"]}}],"collection":[{"href":"https:\/\/www.exekutor-plasilova.cz\/index.php\/wp-json\/wp\/v2\/pages"}],"about":[{"href":"https:\/\/www.exekutor-plasilova.cz\/index.php\/wp-json\/wp\/v2\/types\/page"}],"author":[{"embeddable":true,"href":"https:\/\/www.exekutor-plasilova.cz\/index.php\/wp-json\/wp\/v2\/users\/1"}],"replies":[{"embeddable":true,"href":"https:\/\/www.exekutor-plasilova.cz\/index.php\/wp-json\/wp\/v2\/comments?post=2"}],"version-history":[{"count":3,"href":"https:\/\/www.exekutor-plasilova.cz\/index.php\/wp-json\/wp\/v2\/pages\/2\/revisions"}],"predecessor-version":[{"id":109,"href":"https:\/\/www.exekutor-plasilova.cz\/index.php\/wp-json\/wp\/v2\/pages\/2\/revisions\/109"}],"wp:attachment":[{"href":"https:\/\/www.exekutor-plasilova.cz\/index.php\/wp-json\/wp\/v2\/media?parent=2"}],"curies":[{"name":"wp","href":"https:\/\/api.w.org\/{rel}","templated":true}]}}