{"id":18,"date":"2024-11-19T14:43:04","date_gmt":"2024-11-19T13:43:04","guid":{"rendered":"http:\/\/plasilova.dnservis.cz\/?page_id=18"},"modified":"2025-01-06T15:37:55","modified_gmt":"2025-01-06T14:37:55","slug":"gdpr","status":"publish","type":"page","link":"https:\/\/www.exekutor-plasilova.cz\/index.php\/gdpr\/","title":{"rendered":"GDPR"},"content":{"rendered":"\n<p><strong>Exekutorsk\u00fd \u00fa\u0159ad Praha 7, Jankovcova 1055\/13<br>170 00 Praha 7 \u2013 Hole\u0161ovice.<\/strong><\/p>\n\n\n\n<p>Exekutorsk\u00fd \u00fa\u0159ad Praha 7, Mgr. Bc. Hana Pl\u00e1\u0161ilov\u00e1 Kaufmanov\u00e1, soudn\u00ed exekutor (exekutorsk\u00fd \u00fa\u0159ad) zpracov\u00e1v\u00e1 osobn\u00ed \u00fadaje v souladu s po\u017eadavky Na\u0159\u00edzen\u00ed Evropsk\u00e9ho parlamentu a Rady (EU) \u010d. 2016\/679 ze dne 27. dubna 2016 o ochran\u011b fyzick\u00fdch osob v souvislosti se zpracov\u00e1n\u00edm osobn\u00edch \u00fadaj\u016f a o voln\u00e9m pohybu t\u011bchto \u00fadaj\u016f a o zru\u0161en\u00ed sm\u011brnice 95\/46\/ES (obecn\u00e9 na\u0159\u00edzen\u00ed o ochran\u011b osobn\u00edch \u00fadaj\u016f nebo tak\u00e9 GDPR), z\u00e1konem \u010d. 110\/2019 Sb., o zpracov\u00e1n\u00ed osobn\u00edch \u00fadaj\u016f v platn\u00e9m zn\u011bn\u00ed (d\u00e1le jen Z\u00e1kon), pr\u00e1vn\u00edmi p\u0159edpisy upravuj\u00edc\u00edmi \u010dinnost soudn\u00edho exekutora a stavovsk\u00fdmi p\u0159edpisy Exekutorsk\u00e9 komory \u010cesk\u00e9 republiky.<br><br><br>Exekutorsk\u00fd \u00fa\u0159ad je z\u00e1sadn\u011b p\u0159edev\u0161\u00edm spr\u00e1vcem osobn\u00edch \u00fadaj\u016f.<\/p>\n\n\n\n<p>Za zvl\u00e1\u0161tn\u00edch smluven\u00fdch podm\u00ednek m\u016f\u017ee b\u00fdt exekutorsk\u00fd \u00fa\u0159ad i zpracovatelem osobn\u00edch \u00fadaj\u016f.<br><strong><br>\u00a0Kontaktn\u00ed \u00fadaje spr\u00e1vce:<\/strong><br><strong>Exekutorsk\u00fd \u00fa\u0159ad Praha 7, Mgr. Bc. Hana Pl\u00e1\u0161ilov\u00e1 Kaufmanov\u00e1, soudn\u00ed exekutor<\/strong><br>se s\u00eddlem Praha 7, Jankovcova 1055\/13, 170 00\u00a0 Praha 7<br>I\u010cO 489 63 011<br>Tel: <strong>+420\u00a0603 110 955<\/strong><br>Email: <strong>podatelna@exekutor-plasilova.cz<\/strong><br>Web: <strong>www.exekutor-plasilova.cz<\/strong><br><br><strong>\u00da\u010del zpracov\u00e1n\u00ed osobn\u00edch \u00fadaj\u016f<\/strong><br>Exekutorsk\u00fd \u00fa\u0159ad jako spr\u00e1vce osobn\u00edch \u00fadaj\u016f je opr\u00e1vn\u011bn zpracov\u00e1vat osobn\u00ed \u00fadaje, nebo\u0165 je to nezbytn\u00e9 pro spln\u011bn\u00ed \u00fakolu prov\u00e1d\u011bn\u00e9ho ve ve\u0159ejn\u00e9m z\u00e1jmu a\/nebo p\u0159i v\u00fdkonu ve\u0159ejn\u00e9 moci, kter\u00fdm je pov\u011b\u0159en, zejm\u00e9na z\u00e1konem \u010d. 120\/2001 Sb. o soudn\u00edch exekutorech a exeku\u010dn\u00ed \u010dinnosti (exeku\u010dn\u00ed \u0159\u00e1d) a o zm\u011bn\u011b dal\u0161\u00edch z\u00e1kon\u016f v platn\u00e9m zn\u011bn\u00ed a pr\u00e1vn\u00edch p\u0159edpis\u016f na n\u011bj navazuj\u00edc\u00edch nebo jej prov\u00e1d\u011bj\u00edc\u00edch.<br><br>Exekutorsk\u00fd \u00fa\u0159ad jako spr\u00e1vce osobn\u00edch \u00fadaj\u016f zpracov\u00e1v\u00e1 osobn\u00ed \u00fadaje zejm\u00e9na za \u00fa\u010dely:<br>1. v\u00fdkonu ve\u0159ejn\u00e9 moci na z\u00e1klad\u011b pov\u011b\u0159en\u00ed v\u00fdkonem exekuce<br>2. pln\u011bn\u00ed smlouvy uzav\u0159en\u00e9 spr\u00e1vcem<br>3. pln\u011bn\u00ed pr\u00e1vn\u00edch povinnost\u00ed spr\u00e1vce<br>4. ochrana opr\u00e1vn\u011bn\u00fdch z\u00e1jm\u016f spr\u00e1vce<br><br><strong>Pr\u00e1vn\u00ed z\u00e1klad zpracov\u00e1n\u00ed osobn\u00edch \u00fadaj\u016f<\/strong><br>Osobn\u00ed \u00fadaje jsou exekutorsk\u00fdm \u00fa\u0159adem shroma\u017e\u010fov\u00e1ny a d\u00e1le zpracov\u00e1v\u00e1ny, pokud je zpracov\u00e1n\u00ed nezbytn\u00e9:<br>&#8211; pro v\u00fdkon ve\u0159ejn\u00e9 moci nebo spln\u011bn\u00ed s t\u00edm souvisej\u00edc\u00edch pr\u00e1vn\u00edch povinnost\u00ed, kter\u00e9 se na exekutorsk\u00fd \u00fa\u0159ad vztahuj\u00ed podle z\u00e1kona o exekutorech a navazuj\u00edc\u00edch z\u00e1kon\u016f;<br>&#8211; pro spln\u011bn\u00ed smlouvy mezi exekutorsk\u00fdm \u00fa\u0159adem a subjekty t\u011bchto osobn\u00edch \u00fadaj\u016f;<br>&#8211; pro pln\u011bn\u00ed obecn\u00fdch povinnost\u00ed exekutorsk\u00e9ho \u00fa\u0159adu<br>&#8211; pro ochranu pr\u00e1v a opr\u00e1vn\u011bn\u00fdch z\u00e1jm\u016f exekutorsk\u00e9ho \u00fa\u0159adu.<br>Ve v\u00fdjime\u010dn\u00fdch p\u0159\u00edpadech jsou osobn\u00ed \u00fadaje shroma\u017e\u010fov\u00e1ny a d\u00e1le zpracov\u00e1v\u00e1ny exekutorsk\u00fdm \u00fa\u0159adem na z\u00e1klad\u011b ud\u011blen\u00e9ho souhlasu subjektu \u00fadaj\u016f, kter\u00fd v\u017edy vyjad\u0159uje svobodn\u00fd, konkr\u00e9tn\u00ed, informovan\u00fd a jednozna\u010dn\u00fd projev v\u016fle subjektu \u00fadaj\u016f a jeho\u017e sou\u010d\u00e1st\u00ed je v\u017edy informace o mo\u017enosti ud\u011blen\u00fd souhlas kdykoliv odvolat.<br><br><strong>Informace o nahr\u00e1v\u00e1n\u00ed telefonick\u00fdch hovor\u016f podle z\u00e1kona a zpracov\u00e1n\u00ed osobn\u00edch \u00fadaj\u016f<\/strong><br>Soudn\u00ed exekutor je podle \u00a7 53 z\u00e1kona \u010d. 120\/2001 Sb., o soudn\u00edch exekutorech a exeku\u010dn\u00ed \u010dinnosti (exeku\u010dn\u00ed \u0159\u00e1d) a o zm\u011bn\u011b dal\u0161\u00edch z\u00e1kon\u016f v platn\u00e9m zn\u011bn\u00ed povinen zaznamenat ve form\u011b zvukov\u00e9ho z\u00e1znamu v\u0161echna vol\u00e1n\u00ed uskute\u010dn\u011bn\u00e1 prost\u0159ednictv\u00edm ve\u0159ejn\u011b dostupn\u00e9 telefonn\u00ed slu\u017eby a telefonn\u00edho \u010d\u00edsla exekutorsk\u00e9ho \u00fa\u0159adu, kter\u00e9 je ur\u010deno pro komunikaci s \u00fa\u010dastn\u00edky \u0159\u00edzen\u00ed, t\u0159et\u00edmi osobami nebo ve\u0159ejnost\u00ed, t\u00fdkaj\u00ed-li se j\u00edm veden\u00e9ho exeku\u010dn\u00edho \u0159\u00edzen\u00ed, a evidovat v exeku\u010dn\u00edm spisu \u00fadaje o t\u011bchto z\u00e1znamech. Z\u00e1znam se uchov\u00e1v\u00e1 na trval\u00e9m nosi\u010di dat, kter\u00fd je sou\u010d\u00e1st\u00ed exeku\u010dn\u00edho spisu. Pln\u011bn\u00ed t\u011bchto z\u00e1konem ulo\u017een\u00fdch povinnost\u00ed je zpracov\u00e1n\u00edm osobn\u00edch \u00fadaj\u016f volaj\u00edc\u00edch osob z\u00edskan\u00fdch od subjekt\u016f \u00fadaj\u016f (po\u0159izov\u00e1n\u00ed, uchov\u00e1n\u00ed, v\u00fdmaz i dal\u0161\u00ed nakl\u00e1d\u00e1n\u00ed se z\u00e1znamy o telefonn\u00edch hovorech).<br><strong><br>Dal\u0161\u00ed informace<\/strong><br>Osobn\u00ed \u00fadaje nejsou exekutorsk\u00fdm \u00fa\u0159adem p\u0159ed\u00e1v\u00e1ny jin\u00fdm osob\u00e1m, pokud povinnost jejich p\u0159ed\u00e1n\u00ed org\u00e1n\u016fm, \u00fa\u0159ad\u016fm \u010di instituc\u00edm nen\u00ed exekutorsk\u00e9mu \u00fa\u0159adu ulo\u017eena zvl\u00e1\u0161tn\u00edm pr\u00e1vn\u00edm p\u0159edpisem anebo k tomu subjekt \u00fadaj\u016f neud\u011blil souhlas.<br>P\u0159i zpracov\u00e1n\u00ed osobn\u00edch \u00fadaj\u016f exekutorsk\u00fdm \u00fa\u0159adem nedoch\u00e1z\u00ed k automatizovan\u00e9mu rozhodov\u00e1n\u00ed, na jeho\u017e z\u00e1klad\u011b by byly \u010din\u011bny \u00fakony \u010di rozhodnut\u00ed, jejich\u017e obsahem by byl z\u00e1sah do pr\u00e1v \u010di opr\u00e1vn\u011bn\u00fdch z\u00e1jm\u016f ob\u010dan\u016f.<br>Osobn\u00ed \u00fadaje jsou exekutorsk\u00fdm \u00fa\u0159adem zpracov\u00e1v\u00e1ny pouze v nezbytn\u00e9m rozsahu a po nezbytnou dobu, kter\u00e9 je individu\u00e1ln\u00ed pro jednotliv\u00e9 \u00fa\u010dely zpracov\u00e1n\u00ed. Po uplynut\u00ed t\u00e9to doby jsou osobn\u00ed \u00fadaje vymaz\u00e1ny nebo jsou d\u00e1le uchov\u00e1ny po dobu stanovenou platn\u00fdm Spisov\u00fdm a skarta\u010dn\u00edm pl\u00e1nem, vydan\u00fdm v souladu se z\u00e1konem \u010d. 499\/2004 Sb., o archivnictv\u00ed a spisov\u00e9 slu\u017eb\u011b a p\u0159\u00edslu\u0161n\u00fdmi zvl\u00e1\u0161tn\u00edmi pr\u00e1vn\u00edmi p\u0159edpisy.<br>V souvislosti se zpracov\u00e1n\u00edm osobn\u00edch \u00fadaj\u016f m\u00e1 subjekt \u00fadaj\u016f (zpravidla jako \u00fa\u010dastn\u00edk \u0159\u00edzen\u00ed) pr\u00e1vo na p\u0159\u00edstup ke sv\u00fdm osobn\u00edm \u00fadaj\u016fm, na jejich opravu nebo v\u00fdmaz, pop\u0159\u00edpad\u011b omezen\u00ed zpracov\u00e1n\u00ed, vzn\u00e9st n\u00e1mitku proti jejich zpracov\u00e1n\u00ed, p\u0159\u00edpadn\u011b uplatnit pr\u00e1vo na p\u0159enositelnost \u00fadaj\u016f a dal\u0161\u00ed pr\u00e1va podle GDPR.<br>Po\u017eadavky subjektu \u00fadaj\u016f budou v\u017edy exekutorsk\u00fdm \u00fa\u0159adem \u0159\u00e1dn\u011b posouzeny a vypo\u0159\u00e1d\u00e1ny \u00a0v souladu s p\u0159\u00edslu\u0161n\u00fdmi ustanoven\u00edmi GDPR. V p\u0159\u00edpad\u011b, \u017ee subjekt \u00fadaj\u016f nebude souhlasit\u00a0\u00a0\u00a0\u00a0\u00a0\u00a0\u00a0 \u00a0s vypo\u0159\u00e1d\u00e1n\u00edm po\u017eadavk\u016f a \u017e\u00e1dost\u00ed, m\u00e1 pr\u00e1vo podat st\u00ed\u017enost \u00da\u0159adu pro ochranu osobn\u00edch \u00fadaj\u016f.<br><strong><br>Pov\u011b\u0159enec pro ochranu osobn\u00edch \u00fadaj\u016f<\/strong><br>Exekutorsk\u00fd \u00fa\u0159ad na z\u00e1klad\u011b povinnosti ulo\u017een\u00e9 mu obecn\u00fdm na\u0159\u00edzen\u00edm jmenoval pov\u011b\u0159ence pro ochranu osobn\u00edch \u00fadaj\u016f, kter\u00fd pln\u00ed \u00fakoly dle \u010dl\u00e1nku 39 GDPR a pro subjekty \u00fadaj\u016f je kontaktn\u00ed osobou pro \u0159e\u0161en\u00ed dotaz\u016f, po\u017eadavk\u016f nebo \u017e\u00e1dost\u00ed.<br><strong><br>Kontaktn\u00ed \u00fadaje pov\u011b\u0159ence pro ochranu osobn\u00edch \u00fadaj\u016f:<\/strong><br><strong>Mgr. J.\u00a0 Hajznerov\u00e1<\/strong><br>Koresponden\u010dn\u00ed adresa:\u00a0 Pracovi\u0161t\u011b Jankovcova 13, 170 00\u00a0 Praha 7,<br>Tel: +420\u00a0603 110 955<br>Email: hajznerova@exekutor-plasilova.cz<br><strong>Exekutorsk\u00fd \u00fa\u0159ad Praha 7<\/strong><br><strong>Mgr. Bc. Hana Pl\u00e1\u0161ilov\u00e1 Kaufmanov\u00e1<\/strong><\/p>\n","protected":false},"excerpt":{"rendered":"<p>Exekutorsk\u00fd \u00fa\u0159ad Praha 7, Jankovcova 1055\/13170 00 Praha 7 \u2013 Hole\u0161ovice. Exekutorsk\u00fd \u00fa\u0159ad Praha 7, Mgr. Bc. Hana Pl\u00e1\u0161ilov\u00e1 Kaufmanov\u00e1, soudn\u00ed exekutor (exekutorsk\u00fd \u00fa\u0159ad) zpracov\u00e1v\u00e1 osobn\u00ed \u00fadaje v souladu s po\u017eadavky Na\u0159\u00edzen\u00ed Evropsk\u00e9ho parlamentu a Rady (EU) \u010d. 2016\/679 ze dne 27. dubna 2016 o ochran\u011b fyzick\u00fdch osob v souvislosti se zpracov\u00e1n\u00edm osobn\u00edch \u00fadaj\u016f a&hellip;&nbsp;<a href=\"https:\/\/www.exekutor-plasilova.cz\/index.php\/gdpr\/\" rel=\"bookmark\">\u010c\u00edst d\u00e1le &raquo;<span class=\"screen-reader-text\">GDPR<\/span><\/a><\/p>\n","protected":false},"author":1,"featured_media":0,"parent":0,"menu_order":5,"comment_status":"closed","ping_status":"closed","template":"","meta":{"neve_meta_sidebar":"","neve_meta_container":"","neve_meta_enable_content_width":"","neve_meta_content_width":0,"neve_meta_title_alignment":"","neve_meta_author_avatar":"","neve_post_elements_order":"","neve_meta_disable_header":"","neve_meta_disable_footer":"","neve_meta_disable_title":"","footnotes":""},"class_list":["post-18","page","type-page","status-publish","hentry"],"_links":{"self":[{"href":"https:\/\/www.exekutor-plasilova.cz\/index.php\/wp-json\/wp\/v2\/pages\/18","targetHints":{"allow":["GET"]}}],"collection":[{"href":"https:\/\/www.exekutor-plasilova.cz\/index.php\/wp-json\/wp\/v2\/pages"}],"about":[{"href":"https:\/\/www.exekutor-plasilova.cz\/index.php\/wp-json\/wp\/v2\/types\/page"}],"author":[{"embeddable":true,"href":"https:\/\/www.exekutor-plasilova.cz\/index.php\/wp-json\/wp\/v2\/users\/1"}],"replies":[{"embeddable":true,"href":"https:\/\/www.exekutor-plasilova.cz\/index.php\/wp-json\/wp\/v2\/comments?post=18"}],"version-history":[{"count":3,"href":"https:\/\/www.exekutor-plasilova.cz\/index.php\/wp-json\/wp\/v2\/pages\/18\/revisions"}],"predecessor-version":[{"id":128,"href":"https:\/\/www.exekutor-plasilova.cz\/index.php\/wp-json\/wp\/v2\/pages\/18\/revisions\/128"}],"wp:attachment":[{"href":"https:\/\/www.exekutor-plasilova.cz\/index.php\/wp-json\/wp\/v2\/media?parent=18"}],"curies":[{"name":"wp","href":"https:\/\/api.w.org\/{rel}","templated":true}]}}