{"id":12,"date":"2024-11-19T14:39:34","date_gmt":"2024-11-19T13:39:34","guid":{"rendered":"http:\/\/plasilova.dnservis.cz\/?page_id=12"},"modified":"2024-11-22T11:54:16","modified_gmt":"2024-11-22T10:54:16","slug":"dalsi-cinnost","status":"publish","type":"page","link":"https:\/\/www.exekutor-plasilova.cz\/index.php\/dalsi-cinnost\/","title":{"rendered":"Dal\u0161\u00ed \u010dinnost"},"content":{"rendered":"\n<p>Exekutor poskytuje pr\u00e1vn\u00ed pomoc opr\u00e1vn\u011bn\u00e9mu nebo povinn\u00e9mu po vyd\u00e1n\u00ed<br>exeku\u010dn\u00edho titulu . Exekutor je opr\u00e1vn\u011bn poskytovat pr\u00e1vn\u00ed pomoc<br>opr\u00e1vn\u011bn\u00fdm i povinn\u00fdm osob\u00e1m v souvislosti s exeku\u010dn\u00ed i dal\u0161\u00ed \u010dinnost\u00ed.<br><br>Exekutor osv\u011bd\u010duje na \u017e\u00e1dost skutkov\u00e9 d\u011bje a stav v\u011bci ( nap\u0159\u00edklad spln\u011bn\u00ed<br>dluhu, stav nemovitosti, byt\u016f a nebytov\u00fdch prostor ) jestli\u017ee jimi mohou b\u00fdt<br>prok\u00e1z\u00e1ny n\u00e1roky v \u0159\u00edzen\u00ed p\u0159ed soudem, nebo jin\u00fdm st\u00e1tn\u00edm org\u00e1nem.<\/p>\n\n\n\n<p>V souvislosti s exeku\u010dn\u00edm, soudn\u00edm, nebo jin\u00fdm \u0159\u00edzen\u00edm p\u0159ij\u00edm\u00e1 exekutor<br>do \u00faschovy pen\u00edze, listiny a jin\u00e9 movit\u00e9 v\u011bci.<\/p>\n\n\n\n<p>Exekutor je opr\u00e1vn\u011bn realizovat dobrovolnou dra\u017ebu movit\u00fdch \u010di<br>nemovit\u00fdch v\u011bc\u00ed na n\u00e1vrh vlastn\u00edka \u010di osoby opr\u00e1vn\u011bn\u00e9 disponovat s touto<br>v\u011bc\u00ed.<\/p>\n\n\n\n<p>Na z\u00e1klad\u011b pov\u011b\u0159en\u00ed soudu nebo st\u00e1tn\u00edho z\u00e1stupce zji\u0161\u0165uje exekutor majetek<br>podl\u00e9haj\u00edc\u00ed podle rozhodnut\u00ed vydan\u00e9ho v\u00a0trestn\u00edm \u0159\u00edzen\u00ed zaji\u0161t\u011bn\u00ed a osobn\u011b nebo<br>prost\u0159ednictv\u00edm jin\u00e9 osoby vykon\u00e1v\u00e1 spr\u00e1vu takov\u00e9ho majetku. P\u0159i evidenci<br>spravovan\u00e9ho majetku poskytuje exekutor p\u0159im\u011b\u0159en\u011b jako p\u0159i evidenci v\u011bc\u00ed p\u0159evzat\u00fdch<br>\u00a0do \u00faschovy.<\/p>\n\n\n\n<p>Exekutor na \u017e\u00e1dost v\u011b\u0159itele doru\u010d\u00ed ozn\u00e1men\u00ed v\u011b\u0159itele o jeho v\u00fdhrad\u011b pr\u00e1va dovolat<br>se ne\u00fa\u010dinnosti pr\u00e1vn\u00edho jedn\u00e1n\u00ed podle jin\u00e9ho pr\u00e1vn\u00edho p\u0159edpisu tomu, koho \u017eadatel<br>ozna\u010dil za toho v\u016f\u010di komu se ne\u00fa\u010dinnosti pr\u00e1vn\u00edho jedn\u00e1n\u00ed m\u016f\u017ee dovolat.<\/p>\n","protected":false},"excerpt":{"rendered":"<p>Exekutor poskytuje pr\u00e1vn\u00ed pomoc opr\u00e1vn\u011bn\u00e9mu nebo povinn\u00e9mu po vyd\u00e1n\u00edexeku\u010dn\u00edho titulu . Exekutor je opr\u00e1vn\u011bn poskytovat pr\u00e1vn\u00ed pomocopr\u00e1vn\u011bn\u00fdm i povinn\u00fdm osob\u00e1m v souvislosti s exeku\u010dn\u00ed i dal\u0161\u00ed \u010dinnost\u00ed. Exekutor osv\u011bd\u010duje na \u017e\u00e1dost skutkov\u00e9 d\u011bje a stav v\u011bci ( nap\u0159\u00edklad spln\u011bn\u00eddluhu, stav nemovitosti, byt\u016f a nebytov\u00fdch prostor ) jestli\u017ee jimi mohou b\u00fdtprok\u00e1z\u00e1ny n\u00e1roky v \u0159\u00edzen\u00ed p\u0159ed soudem,&hellip;&nbsp;<a href=\"https:\/\/www.exekutor-plasilova.cz\/index.php\/dalsi-cinnost\/\" rel=\"bookmark\">\u010c\u00edst d\u00e1le &raquo;<span class=\"screen-reader-text\">Dal\u0161\u00ed \u010dinnost<\/span><\/a><\/p>\n","protected":false},"author":1,"featured_media":0,"parent":0,"menu_order":2,"comment_status":"closed","ping_status":"closed","template":"","meta":{"neve_meta_sidebar":"","neve_meta_container":"","neve_meta_enable_content_width":"","neve_meta_content_width":0,"neve_meta_title_alignment":"","neve_meta_author_avatar":"","neve_post_elements_order":"","neve_meta_disable_header":"","neve_meta_disable_footer":"","neve_meta_disable_title":"","footnotes":""},"class_list":["post-12","page","type-page","status-publish","hentry"],"_links":{"self":[{"href":"https:\/\/www.exekutor-plasilova.cz\/index.php\/wp-json\/wp\/v2\/pages\/12","targetHints":{"allow":["GET"]}}],"collection":[{"href":"https:\/\/www.exekutor-plasilova.cz\/index.php\/wp-json\/wp\/v2\/pages"}],"about":[{"href":"https:\/\/www.exekutor-plasilova.cz\/index.php\/wp-json\/wp\/v2\/types\/page"}],"author":[{"embeddable":true,"href":"https:\/\/www.exekutor-plasilova.cz\/index.php\/wp-json\/wp\/v2\/users\/1"}],"replies":[{"embeddable":true,"href":"https:\/\/www.exekutor-plasilova.cz\/index.php\/wp-json\/wp\/v2\/comments?post=12"}],"version-history":[{"count":2,"href":"https:\/\/www.exekutor-plasilova.cz\/index.php\/wp-json\/wp\/v2\/pages\/12\/revisions"}],"predecessor-version":[{"id":111,"href":"https:\/\/www.exekutor-plasilova.cz\/index.php\/wp-json\/wp\/v2\/pages\/12\/revisions\/111"}],"wp:attachment":[{"href":"https:\/\/www.exekutor-plasilova.cz\/index.php\/wp-json\/wp\/v2\/media?parent=12"}],"curies":[{"name":"wp","href":"https:\/\/api.w.org\/{rel}","templated":true}]}}